{"id":1530,"date":"2018-11-01T17:33:16","date_gmt":"2018-11-01T17:33:16","guid":{"rendered":"http:\/\/wordpress-89239-751427.cloudwaysapps.com\/?page_id=1530"},"modified":"2022-03-23T15:31:03","modified_gmt":"2022-03-23T15:31:03","slug":"join-us","status":"publish","type":"page","link":"https:\/\/lisbonsmartstay.com\/pt\/join-us\/","title":{"rendered":"Junte-se a n\u00f3s"},"content":{"rendered":"<p>[vc_row full_width=&#8221;stretch_row&#8221; equal_height=&#8221;yes&#8221; content_placement=&#8221;middle&#8221; css=&#8221;.vc_custom_1541457537237{margin-top: -20px !important;padding-top: 80px !important;padding-bottom: 80px !important;}&#8221;][vc_column]\t\t<div class=\"homey-module module-title section-title-module text-center homey-section-title-light\">\r\n\t\t\t<h2 style=\"font-size: 44px; line-height: 50px;\">Junte-se a N\u00f3s<\/h2>\r\n\r\n\t\t\t<p style=\"font-size: 30px; line-height: 40px;\" class=\"sub-heading\">Maximize o lucro do seu im\u00f3vel<\/p>\r\n\t\t<\/div>\r\n\t\t[\/vc_column][\/vc_row][vc_row][vc_column]<div style=\"clear:both; width:100%; height:50px\"><\/div>[vc_row_inner equal_height=&#8221;yes&#8221; content_placement=&#8221;top&#8221;][vc_column_inner width=&#8221;2\/5&#8243;][vc_single_image image=&#8221;3559&#8243; img_size=&#8221;330&#215;500&#8243; alignment=&#8221;center&#8221;][\/vc_column_inner][vc_column_inner width=&#8221;3\/5&#8243;][vc_column_text]Quer maximizar o lucro do seu im\u00f3vel sem preocupa\u00e7\u00f5es?<\/p>\n<p>A Lisbon Smart Stay \u00e9 uma empresa sediada em Lisboa, com uma longa e bem sucedida experi\u00eancia na gest\u00e3o de alugueres de propriedades e de servi\u00e7os em regime de curta e m\u00e9dia dura\u00e7\u00e3o.<br \/>\nOferecemos solu\u00e7\u00f5es totalmente integradas para propriet\u00e1rios e h\u00f3spedes com base num relacionamento pr\u00f3ximo, excel\u00eancia no atendimento, confian\u00e7a e transpar\u00eancia.<\/p>\n<p>Desde 2014 estamos focados no contato pessoal com os propriet\u00e1rios e na maximiza\u00e7\u00e3o da receita dos im\u00f3veis.<\/p>\n<p>Fruto do nosso trabalho \u00e1rduo, temos recebido anualmente a classifica\u00e7\u00e3o de Airbnb Super Host e as nossas propriedades foram selecionadas como apartamentos Airbnb Plus.<\/p>\n<p>Oferecemos aos h\u00f3spedes casas fant\u00e1sticas, totalmente equipadas e mobiladas, confort\u00e1veis, com excelentes localiza\u00e7\u00f5es, para lhes proporcionar uma estadia inesquec\u00edvel.[\/vc_column_text][\/vc_column_inner][\/vc_row_inner]<div style=\"clear:both; width:100%; height:50px\"><\/div>[\/vc_column][\/vc_row][vc_row][vc_column]<div style=\"clear:both; width:100%; height:50px\"><\/div>\t\t<div class=\"homey-module module-title section-title-module text-center \">\r\n\t\t\t<h2 style=\"font-size: 42px; line-height: 54px;\">Servi\u00e7os de gest\u00e3o de Propriedades<\/h2>\r\n\r\n\t\t\t<p  class=\"sub-heading\"><\/p>\r\n\t\t<\/div>\r\n\t\t[vc_row_inner equal_height=&#8221;yes&#8221;][vc_column_inner width=&#8221;1\/2&#8243;][vc_column_text css=&#8221;.vc_custom_1648049360608{padding-top: 20px !important;padding-right: 20px !important;padding-bottom: 20px !important;padding-left: 20px !important;}&#8221;]Apoio na obten\u00e7\u00e3o de licenciamento e registo de alojamento local.<\/p>\n<p>Assessoria jur\u00eddica e financeira (inclui servi\u00e7os completos de fatura\u00e7\u00e3o)<\/p>\n<p>Consultoria e apoio na decora\u00e7\u00e3o de apartamentos e em projetos de constru\u00e7\u00e3o<\/p>\n<p>Cria\u00e7\u00e3o e promo\u00e7\u00e3o de an\u00fancios nas mais importantes plataformas de reserva<\/p>\n<p>Fotografia profissional<\/p>\n<p>Gest\u00e3o de an\u00fancios e otimiza\u00e7\u00e3o de pre\u00e7os<\/p>\n<p>Limpeza profissional de alta qualidade (temos equipas pr\u00f3prias)<br \/>\nLavandaria de excelente qualidade<\/p>\n<p>Artigos de higiene de qualidade superior<\/p>\n<p>Kit de boas-vindas (vinho, \u00e1gua, caf\u00e9, ch\u00e1, a\u00e7\u00facar, etc)<\/p>\n<p>Check-in \/ check-out presencial<\/p>\n<p>Gest\u00e3o de reservas com suporte 24 horas por dia \/ 7 dias por semana[\/vc_column_text][\/vc_column_inner][vc_column_inner width=&#8221;1\/2&#8243;][vc_column_text css=&#8221;.vc_custom_1648049369311{padding-top: 20px !important;padding-right: 20px !important;padding-bottom: 20px !important;padding-left: 20px !important;}&#8221;]Comunica\u00e7\u00e3o com os h\u00f3spedes desde o momento da reserva at\u00e9 ao checkout. Cobran\u00e7a e entrega de taxas tur\u00edsticas e pagamentos<\/p>\n<p>Comunica\u00e7\u00e3o ao SEF<\/p>\n<p>Inspe\u00e7\u00f5es regulares aos im\u00f3veis para controlar as necessidades de manuten\u00e7\u00e3o (pol\u00edtica de preven\u00e7\u00e3o) e garantir um servi\u00e7o de limpeza e lavandaria de elevada qualidade.<\/p>\n<p>Manuten\u00e7\u00e3o do im\u00f3vel: dispomos de uma equipa interna, o que permite uma interven\u00e7\u00e3o r\u00e1pida para pequenas interven\u00e7\u00f5es de manuten\u00e7\u00e3o e para todas as repara\u00e7\u00f5es(as interven\u00e7\u00f5es corretivas necess\u00e1rias nos im\u00f3veis ser\u00e3o transmitidas ao propriet\u00e1rio, com um or\u00e7amento para aprova\u00e7\u00e3o)<\/p>\n<p>\u00c1rea de propriet\u00e1rios dispon\u00edvel 24 horas por dia \/ 7 dias por semana<\/p>\n<p>Relat\u00f3rios e pagamentos mensais para todas as propriedades<\/p>\n<p>Temos apenas um modelo de comiss\u00e3o:<br \/>\nComiss\u00e3o 30% * + IVA<br \/>\n* A cada reserva ser\u00e1 aplicada a comiss\u00e3o Lisbon Smart Stay: 30% do valor L\u00cdQUIDO da reserva + IVA<br \/>\n** Alguns destes servi\u00e7os s\u00e3o cobrados como extras.<\/p>\n<p>Somos seus parceiros e cuidaremos de tudo para si. Contate-nos![\/vc_column_text][\/vc_column_inner][\/vc_row_inner]<div style=\"clear:both; width:100%; height:100px\"><\/div>[\/vc_column][\/vc_row][vc_row full_width=&#8221;stretch_row&#8221; disable_element=&#8221;yes&#8221; css=&#8221;.vc_custom_1645436736819{background-color: #ffffff !important;}&#8221;][vc_column]<div style=\"clear:both; width:100%; height:80px\"><\/div>\t\t<div class=\"homey-module module-title section-title-module text-center \">\r\n\t\t\t<h2 style=\"font-size: 42px; line-height: 54px;\">Frequently Asked Questions<\/h2>\r\n\r\n\t\t\t<p  class=\"sub-heading\"><\/p>\r\n\t\t<\/div>\r\n\t\t<div style=\"clear:both; width:100%; height:80px\"><\/div>[vc_row_inner][vc_column_inner width=&#8221;1\/12&#8243;][\/vc_column_inner][vc_column_inner width=&#8221;5\/12&#8243;][vc_toggle title=&#8221;How to list my place on Homey?&#8221; color=&#8221;turquoise&#8221;]Lorem ipsum dolor sit amet, consectetur adipiscing elit. Sed bibendum venenatis neque eget tristique. Sed at porta felis. Duis vitae malesuada lacus. Duis lobortis risus gravida leo pellentesque bibendum. Donec accumsan justo a ante dapibus, ac feugiat sapien efficitur. Quisque ultricies tortor bibendum fermentum mollis.[\/vc_toggle][vc_separator color=&#8221;custom&#8221; style=&#8221;dotted&#8221; accent_color=&#8221;#d8dce1&#8243;][vc_toggle title=&#8221;How the payments works?&#8221; color=&#8221;turquoise&#8221;]Lorem ipsum dolor sit amet, consectetur adipiscing elit. Sed bibendum venenatis neque eget tristique. Sed at porta felis. Duis vitae malesuada lacus. Duis lobortis risus gravida leo pellentesque bibendum. Donec accumsan justo a ante dapibus, ac feugiat sapien efficitur. Quisque ultricies tortor bibendum fermentum mollis.[\/vc_toggle][vc_separator color=&#8221;custom&#8221; style=&#8221;dotted&#8221; accent_color=&#8221;#d8dce1&#8243;][vc_toggle title=&#8221;How to upgrade my place to featured?&#8221; color=&#8221;turquoise&#8221;]Lorem ipsum dolor sit amet, consectetur adipiscing elit. Sed bibendum venenatis neque eget tristique. Sed at porta felis. Duis vitae malesuada lacus. Duis lobortis risus gravida leo pellentesque bibendum. Donec accumsan justo a ante dapibus, ac feugiat sapien efficitur. Quisque ultricies tortor bibendum fermentum mollis.[\/vc_toggle][vc_separator color=&#8221;custom&#8221; style=&#8221;dotted&#8221; accent_color=&#8221;#d8dce1&#8243;][vc_toggle title=&#8221;How to get refund?&#8221; color=&#8221;turquoise&#8221;]Lorem ipsum dolor sit amet, consectetur adipiscing elit. Sed bibendum venenatis neque eget tristique. Sed at porta felis. Duis vitae malesuada lacus. Duis lobortis risus gravida leo pellentesque bibendum. Donec accumsan justo a ante dapibus, ac feugiat sapien efficitur. Quisque ultricies tortor bibendum fermentum mollis.[\/vc_toggle][\/vc_column_inner][vc_column_inner width=&#8221;5\/12&#8243;][vc_toggle title=&#8221;Who to become an host?&#8221; color=&#8221;turquoise&#8221;]Lorem ipsum dolor sit amet, consectetur adipiscing elit. Sed bibendum venenatis neque eget tristique. Sed at porta felis. Duis vitae malesuada lacus. Duis lobortis risus gravida leo pellentesque bibendum. Donec accumsan justo a ante dapibus, ac feugiat sapien efficitur. Quisque ultricies tortor bibendum fermentum mollis.[\/vc_toggle][vc_separator color=&#8221;custom&#8221; style=&#8221;dotted&#8221; accent_color=&#8221;#d8dce1&#8243;][vc_toggle title=&#8221;How to get in touch with my guests?&#8221; color=&#8221;turquoise&#8221;]Lorem ipsum dolor sit amet, consectetur adipiscing elit. Sed bibendum venenatis neque eget tristique. Sed at porta felis. Duis vitae malesuada lacus. Duis lobortis risus gravida leo pellentesque bibendum. Donec accumsan justo a ante dapibus, ac feugiat sapien efficitur. Quisque ultricies tortor bibendum fermentum mollis.[\/vc_toggle][vc_separator color=&#8221;custom&#8221; style=&#8221;dotted&#8221; accent_color=&#8221;#d8dce1&#8243;][vc_toggle title=&#8221;How to get paid?&#8221; color=&#8221;turquoise&#8221;]Lorem ipsum dolor sit amet, consectetur adipiscing elit. Sed bibendum venenatis neque eget tristique. Sed at porta felis. Duis vitae malesuada lacus. Duis lobortis risus gravida leo pellentesque bibendum. Donec accumsan justo a ante dapibus, ac feugiat sapien efficitur. Quisque ultricies tortor bibendum fermentum mollis.[\/vc_toggle][vc_separator color=&#8221;custom&#8221; style=&#8221;dotted&#8221; accent_color=&#8221;#d8dce1&#8243;][vc_toggle title=&#8221;How to cancel a revervation?&#8221; color=&#8221;turquoise&#8221;]Lorem ipsum dolor sit amet, consectetur adipiscing elit. Sed bibendum venenatis neque eget tristique. Sed at porta felis. Duis vitae malesuada lacus. Duis lobortis risus gravida leo pellentesque bibendum. Donec accumsan justo a ante dapibus, ac feugiat sapien efficitur. Quisque ultricies tortor bibendum fermentum mollis.[\/vc_toggle][\/vc_column_inner][vc_column_inner width=&#8221;1\/12&#8243;][\/vc_column_inner][\/vc_row_inner]<div style=\"clear:both; width:100%; height:100px\"><\/div>[\/vc_column][\/vc_row][vc_row equal_height=&#8221;yes&#8221; content_placement=&#8221;middle&#8221; css=&#8221;.vc_custom_1645436903623{background-image: url(http:\/\/wordpress-89239-751427.cloudwaysapps.com\/wp-content\/uploads\/2018\/11\/become-a-host-4.jpg?id=1573) !important;}&#8221;][vc_column][vc_btn title=&#8221;Contacte-nos&#8221; style=&#8221;classic&#8221; color=&#8221;default&#8221; size=&#8221;lg&#8221; align=&#8221;center&#8221; link=&#8221;url:https%3A%2F%2Flisbonsmartstay.com%2Fcontact-ana%2F|title:Contact%20us&#8221;][\/vc_column][\/vc_row][vc_row][vc_column]<div style=\"clear:both; width:100%; height:50px\"><\/div>[\/vc_column][\/vc_row]<\/p>","protected":false},"excerpt":{"rendered":"<p>[vc_row full_width=&#8221;stretch_row&#8221; equal_height=&#8221;yes&#8221; content_placement=&#8221;middle&#8221; css=&#8221;.vc_custom_1541457537237{margin-top: -20px !important;padding-top: 80px !important;padding-bottom: 80px !important;}&#8221;][vc_column][\/vc_column][\/vc_row][vc_row][vc_column][vc_row_inner equal_height=&#8221;yes&#8221; content_placement=&#8221;top&#8221;][vc_column_inner width=&#8221;2\/5&#8243;][vc_single_image image=&#8221;3559&#8243; img_size=&#8221;330&#215;500&#8243; alignment=&#8221;center&#8221;][\/vc_column_inner][vc_column_inner width=&#8221;3\/5&#8243;][vc_column_text]Quer maximizar o lucro do seu im\u00f3vel sem preocupa\u00e7\u00f5es? A Lisbon Smart Stay \u00e9 uma empresa sediada em Lisboa, com uma longa e bem sucedida experi\u00eancia na gest\u00e3o de alugueres de propriedades e de servi\u00e7os em regime de [&hellip;]<\/p>\n","protected":false},"author":1,"featured_media":0,"parent":0,"menu_order":0,"comment_status":"closed","ping_status":"closed","template":"template\/template-homepage.php","meta":{"inline_featured_image":false,"_joinchat":[],"footnotes":""},"_links":{"self":[{"href":"https:\/\/lisbonsmartstay.com\/pt\/wp-json\/wp\/v2\/pages\/1530"}],"collection":[{"href":"https:\/\/lisbonsmartstay.com\/pt\/wp-json\/wp\/v2\/pages"}],"about":[{"href":"https:\/\/lisbonsmartstay.com\/pt\/wp-json\/wp\/v2\/types\/page"}],"author":[{"embeddable":true,"href":"https:\/\/lisbonsmartstay.com\/pt\/wp-json\/wp\/v2\/users\/1"}],"replies":[{"embeddable":true,"href":"https:\/\/lisbonsmartstay.com\/pt\/wp-json\/wp\/v2\/comments?post=1530"}],"version-history":[{"count":8,"href":"https:\/\/lisbonsmartstay.com\/pt\/wp-json\/wp\/v2\/pages\/1530\/revisions"}],"predecessor-version":[{"id":4063,"href":"https:\/\/lisbonsmartstay.com\/pt\/wp-json\/wp\/v2\/pages\/1530\/revisions\/4063"}],"wp:attachment":[{"href":"https:\/\/lisbonsmartstay.com\/pt\/wp-json\/wp\/v2\/media?parent=1530"}],"curies":[{"name":"wp","href":"https:\/\/api.w.org\/{rel}","templated":true}]}}