{"id":3,"date":"2020-12-11T11:30:19","date_gmt":"2020-12-11T11:30:19","guid":{"rendered":"https:\/\/ynnovation.net\/ys-yb-web2\/?page_id=3"},"modified":"2022-02-21T09:35:56","modified_gmt":"2022-02-21T09:35:56","slug":"politica-privacidade","status":"publish","type":"page","link":"https:\/\/lisbonsmartstay.com\/pt\/politica-privacidade\/","title":{"rendered":"Pol\u00edtica de privacidade"},"content":{"rendered":"<div class=\"gdlr-page-title-wrapper\">\r\n<div class=\"gdlr-page-title-container container\">\r\n<h1 class=\"gdlr-page-title wp-block-heading\"><strong style=\"font-size: 16px;\">RESOLU\u00c7\u00c3O ALTERNATIVA DE LIT\u00cdGIOS<\/strong><\/h1>\r\n<\/div>\r\n<\/div>\r\n<div class=\"content-wrapper\">\r\n<div class=\"gdlr-content\">\r\n<div class=\"main-content-container container gdlr-item-start-content\">\r\n<div class=\"gdlr-item gdlr-main-content\">\r\n<p>Em caso de lit\u00edgio o consumidor pode recorrer a uma Entidade de Resolu\u00e7\u00e3o Alternativa de Lit\u00edgios de consumo:<br \/>Centro de Arbitragem de Conflitos de Consumo de Lisboa:<a href=\"http:\/\/www.centroarbitragemlisboa.pt\/\">http:\/\/www.centroarbitragemlisboa.pt\/<\/a><br \/>Centro de Arbitragem de Conflitos de Consumo do Vale do Ave \/ Tribunal Arbitral:<a href=\"http:\/\/www.triave.pt\/\">http:\/\/www.triave.pt\/<\/a><br \/>CIAB \u2013 Centro de Informa\u00e7\u00e3o, Media\u00e7\u00e3o e Arbitragem de Consumo (Tribunal Arbitral de Consumo):<a href=\"http:\/\/www.ciab.pt\/pt\/\">http:\/\/www.ciab.pt\/pt\/<\/a><br \/>CNIACC \u2013 Centro Nacional de Informa\u00e7\u00e3o e Arbitragem de Conflitos de Consumo:\u00a0<a href=\"http:\/\/www.arbitragemdeconsumo.org\/\">http:\/\/www.arbitragemdeconsumo.org\/<\/a><br \/>Centro de Arbitragem de Conflitos de Consumo do Distrito de Coimbra:<a href=\"http:\/\/www.centrodearbitragemdecoimbra.com\/\">http:\/\/www.centrodearbitragemdecoimbra.com<\/a><br \/>Centro de Informa\u00e7\u00e3o, Media\u00e7\u00e3o e Arbitragem de Conflitos de Consumo do Algarve:\u00a0<a href=\"http:\/\/www.consumoalgarve.pt\/\">http:\/\/www.consumoalgarve.pt<\/a><br \/>Centro de Informa\u00e7\u00e3o de Consumo e Arbitragem do Porto:<a href=\"http:\/\/www.cicap.pt\/\">http:\/\/www.cicap.pt<\/a><br \/>Mais informa\u00e7\u00f5es em Portal do Consumidor:\u00a0<a href=\"http:\/\/www.consumidor.pt\/\">http:\/\/www.consumidor.pt<\/a><\/p>\r\n<p>&nbsp;<\/p>\r\n<p><strong>POL\u00cdTICA DE PRIVACIDADE<\/strong><\/p>\r\n<p><strong>Pol\u00edtica de privacidade Lisbon Smart Stay<\/strong><br \/>A Lisbon Smart Stay est\u00e1 empenhada em proteger a privacidade dos seus clientes e dos utilizadores dos diferentes websites por si tutelados, e nesse contexto elaborou a presente Politica de Privacidade, comunica\u00e7\u00e3o explicando as nossas pr\u00e1ticas de privacidade e as op\u00e7\u00f5es dispon\u00edveis para a forma como as suas informa\u00e7\u00f5es s\u00e3o recolhidas e utilizadas.<\/p>\r\n<p><strong>I. Qual o tipo de informa\u00e7\u00f5es pessoais recolhida?<\/strong><br \/>Pode ser pedida informa\u00e7\u00e3o de identifica\u00e7\u00e3o pessoal quando existe a solicita\u00e7\u00e3o de um servi\u00e7o, subscri\u00e7\u00e3o de comunica\u00e7\u00f5es, acesso a \u00e1reas com registo obrigat\u00f3rio ou realiza\u00e7\u00e3o de outras atividades no website. N\u00e3o existe a obrigatoriedade de fornecimento de informa\u00e7\u00f5es pessoais, sendo essa uma decis\u00e3o do utilizador, no entanto, se n\u00e3o quiser fornecer as informa\u00e7\u00f5es pessoais solicitadas poder\u00e1 n\u00e3o conseguir concluir a subscri\u00e7\u00e3o de servi\u00e7os ou obten\u00e7\u00e3o de material dispon\u00edvel para download. Ao visitar os nossos websites, s\u00e3o recolhidas informa\u00e7\u00f5es como o endere\u00e7o IP, nome do dom\u00ednio, etc. Estas informa\u00e7\u00f5es em conjunto com os dados facultados, permitem-nos personalizar melhor a visita do utilizador.<\/p>\r\n<p><strong>II. Como s\u00e3o utilizadas as informa\u00e7\u00f5es recolhidas?<\/strong><br \/>Estas s\u00e3o utilizadas das seguintes formas: 1. Fornecer informa\u00e7\u00f5es sobre novos produtos ou servi\u00e7os, atualiza\u00e7\u00f5es de produtos, envio de newsletters comerciais, e-mails informativos e pesquisas sobre futuros produtos ou melhoramentos; 2. Disponibiliza\u00e7\u00e3o de ofertas especiais que possam ser do interesse do utilizador; 3. Cria\u00e7\u00e3o de conte\u00fados relevantes para o utilizador; 4. Bar\u00f3metro de cria\u00e7\u00e3o e melhoramento de produtos e servi\u00e7os que satisfa\u00e7am as necessidades do utilizador; 5. Autoriza\u00e7\u00e3o de download de documentos ou materiais informativos, obten\u00e7\u00e3o de acesso a servi\u00e7os ou participa\u00e7\u00e3o noutras actividades escolhida pelo utilizador; 6. Encontrar rapidamente servi\u00e7os ou informa\u00e7\u00f5es sobre produtos importantes para si.<\/p>\r\n<p><strong>III. Como \u00e9 feita a prote\u00e7\u00e3o das informa\u00e7\u00f5es pessoais?<\/strong><br \/>De modo a garantir a seguran\u00e7a das suas informa\u00e7\u00f5es pessoais, estabelecemos uma s\u00e9rie de medidas de seguran\u00e7a e diversos n\u00edveis de prote\u00e7\u00e3o. As suas informa\u00e7\u00f5es pessoais s\u00e3o guardadas em redes seguras, que apenas s\u00e3o acedidas por um limitado n\u00famero de pessoas que det\u00eam direitos de acesso especiais e se comprometem a respeitar e manter a natureza confidencial de tais informa\u00e7\u00f5es. N\u00e3o obstante estas medidas, quando faculta informa\u00e7\u00f5es pessoais na Internet existe sempre um risco de que estas possam ser intercetadas e usadas por terceiros fora do nosso controlo. Embora envidemos todos os esfor\u00e7os para proteger as suas informa\u00e7\u00f5es pessoais e a sua privacidade, n\u00e3o podemos garantir a seguran\u00e7a das informa\u00e7\u00f5es que disponibilize atrav\u00e9s da Internet.<\/p>\r\n<p><strong>IV. Quem tem acesso \u00e0s suas informa\u00e7\u00f5es pessoais e at\u00e9 que ponto?<\/strong><br \/>As suas informa\u00e7\u00f5es pessoais n\u00e3o s\u00e3o vendidas ou alugadas a terceiros. N\u00e3o vendemos, trocamos ou transferimos a terceiros as suas informa\u00e7\u00f5es pessoais, sob forma alguma. Poder\u00e1 a qualquer altura optar por n\u00e3o permitir a partilha das suas informa\u00e7\u00f5es pessoais com terceiros. Tal pedido pode ser efetuado atrav\u00e9s da nossa p\u00e1gina Internet na sec\u00e7\u00e3o de contactos ou simplesmente por nos endere\u00e7ar um e-mail.<\/p>\r\n<p><strong>V. Links<\/strong><br \/>Por forma a melhorar os servi\u00e7os oferecidos, poderemos incluir links para websites parceiros. Cada website tem as suas pr\u00f3prias declara\u00e7\u00f5es de privacidade, pelo que \u00e9 recomend\u00e1vel uma leitura dos mesmos aquando da sua utiliza\u00e7\u00e3o.<\/p>\r\n<p><strong>VI. Cookies<\/strong><br \/>O website da Lisbon Smart Stay, utiliza cookies. Um cookie \u00e9 um ficheiro de texto \u00fanico que um website envia para o software do seu browser e permitem que um website personalize as informa\u00e7\u00f5es que lhe s\u00e3o apresentadas, com base nas suas prefer\u00eancias de navega\u00e7\u00e3o. Poderemos usar cookies para personalizar as suas p\u00e1ginas ou para se \\\u201crecordar\\\u201d de si quando registar produtos ou servi\u00e7os. Se n\u00e3o desejar que instalemos cookies no seu browser, poder\u00e1 definir o mesmo para rejeitar cookies. A rejei\u00e7\u00e3o de cookies afetar\u00e1 a sua capacidade de utilizar alguns dos servi\u00e7os no nosso website. As cookies s\u00e3o tamb\u00e9m utilizadas para o rastreio de visitas nos nossos websites. As informa\u00e7\u00f5es recolhidas desta forma ajudam-nos a optimizar o conte\u00fado dos websites, a navega\u00e7\u00e3o nos mesmos e o seu desempenho.<\/p>\r\n<p><strong>VII. Op\u00e7\u00f5es e anula\u00e7\u00e3o<\/strong><br \/>Disponibilizamos diferentes formas para que possa solicitar que n\u00e3o lhe enviemos informa\u00e7\u00f5es adicionais. Para proteger a sua privacidade e seguran\u00e7a, tomaremos as medidas razo\u00e1veis para verificar a sua identidade, antes de conceder acesso ou efetuar qualquer corre\u00e7\u00e3o.<\/p>\r\n<p><strong>VIII. Altera\u00e7\u00f5es \u00e0 pol\u00edtica de privacidade<\/strong><br \/>Estas pol\u00edticas podem ser alteradas, quer devido a altera\u00e7\u00f5es na legisla\u00e7\u00e3o, quer por forma a abranger novos desenvolvimentos da pr\u00f3pria Internet. Assim sendo, reservamo-nos o direito de efetuar quaisquer altera\u00e7\u00f5es nesse sentido e solicitamos que visite esta p\u00e1gina regularmente, uma vez que tais altera\u00e7\u00f5es poder\u00e3o afet\u00e1-lo enquanto visitante do nosso website.<\/p>\r\n<p><strong>IX. Contacto<\/strong><br \/>Para quaisquer quest\u00f5es relativas a esta pol\u00edtica de privacidade e aspetos de privacidade dos nossos produtos e servi\u00e7os, ou para efetuar uma reclama\u00e7\u00e3o, por favor contacte:<br \/>Lisbon Smart Stay, Telefone: (+351) 925 934 917 | E-Mail:\u00a0<a href=\"mailto:lisbonsmartstay.paulina@gmail.com\">lisbonsmartstay.paulina@gmail.com<\/a><\/p>\r\n<p><strong>X. Quem administra as informa\u00e7\u00f5es pessoais?<\/strong><br \/>Tanto o nosso Website como as informa\u00e7\u00f5es recolhidas s\u00e3o administradas e controladas pela Lisbon Smart Stay.<\/p>\r\n<p><strong>COOKIES<\/strong><\/p>\r\n<p>&nbsp;<\/p>\r\n<div>Error: The domain LISBONSMARTSTAY.COM is not authorized to show the cookie declaration for domain group ID 84899edb-5cf6-4937-8099-1d00d92d4e69. Please add it to the domain group in the Cookiebot Manager to authorize the domain.<\/div>\r\n<div>Error: The domain FILE is not authorized to show the cookie declaration for domain group ID 84899edb-5cf6-4937-8099-1d00d92d4e69. Please add it to the domain group in the Cookiebot Manager to authorize the domain.<\/div>\r\n<\/div>\r\n<\/div>\r\n<\/div>\r\n<\/div>","protected":false},"excerpt":{"rendered":"<p>RESOLU\u00c7\u00c3O ALTERNATIVA DE LIT\u00cdGIOS Em caso de lit\u00edgio o consumidor pode recorrer a uma Entidade de Resolu\u00e7\u00e3o Alternativa de Lit\u00edgios de consumo:Centro de Arbitragem de Conflitos de Consumo de Lisboa:http:\/\/www.centroarbitragemlisboa.pt\/Centro de Arbitragem de Conflitos de Consumo do Vale do Ave \/ Tribunal Arbitral:http:\/\/www.triave.pt\/CIAB \u2013 Centro de Informa\u00e7\u00e3o, Media\u00e7\u00e3o e Arbitragem de Consumo (Tribunal Arbitral de [&hellip;]<\/p>\n","protected":false},"author":1,"featured_media":0,"parent":0,"menu_order":0,"comment_status":"closed","ping_status":"open","template":"","meta":{"inline_featured_image":false,"_joinchat":[],"footnotes":""},"_links":{"self":[{"href":"https:\/\/lisbonsmartstay.com\/pt\/wp-json\/wp\/v2\/pages\/3"}],"collection":[{"href":"https:\/\/lisbonsmartstay.com\/pt\/wp-json\/wp\/v2\/pages"}],"about":[{"href":"https:\/\/lisbonsmartstay.com\/pt\/wp-json\/wp\/v2\/types\/page"}],"author":[{"embeddable":true,"href":"https:\/\/lisbonsmartstay.com\/pt\/wp-json\/wp\/v2\/users\/1"}],"replies":[{"embeddable":true,"href":"https:\/\/lisbonsmartstay.com\/pt\/wp-json\/wp\/v2\/comments?post=3"}],"version-history":[{"count":2,"href":"https:\/\/lisbonsmartstay.com\/pt\/wp-json\/wp\/v2\/pages\/3\/revisions"}],"predecessor-version":[{"id":3485,"href":"https:\/\/lisbonsmartstay.com\/pt\/wp-json\/wp\/v2\/pages\/3\/revisions\/3485"}],"wp:attachment":[{"href":"https:\/\/lisbonsmartstay.com\/pt\/wp-json\/wp\/v2\/media?parent=3"}],"curies":[{"name":"wp","href":"https:\/\/api.w.org\/{rel}","templated":true}]}}