{"id":3491,"date":"2022-02-21T09:53:38","date_gmt":"2022-02-21T09:53:38","guid":{"rendered":"https:\/\/lisbonsmartstay.com\/?page_id=3491"},"modified":"2024-05-31T07:52:06","modified_gmt":"2024-05-31T07:52:06","slug":"services","status":"publish","type":"page","link":"https:\/\/lisbonsmartstay.com\/pt\/services\/","title":{"rendered":"SERVI\u00c7OS"},"content":{"rendered":"<p>[vc_row full_width=&#8221;stretch_row&#8221; css=&#8221;.vc_custom_1647085900229{background-image: url(https:\/\/lisbonsmartstay.com\/wp-content\/uploads\/2022\/03\/servicos.jpg?id=3554) !important;background-position: center !important;background-repeat: no-repeat !important;background-size: cover !important;}&#8221;][vc_column css=&#8221;.vc_custom_1648483148072{margin-bottom: 20px !important;}&#8221;]\t\t<div class=\"homey-module module-title section-title-module text-center homey-section-title-dark\">\r\n\t\t\t<h2 >Servi\u00e7os Lisbon Smart Stay<\/h2>\r\n\r\n\t\t\t<p  class=\"sub-heading\">Torne a sua estadia ainda mais perfeita! Temos para lhe oferecer um conjunto de servi\u00e7os adicionais, para que possa desfrutar ao m\u00e1ximo da sua estadia. Sem preocupa\u00e7\u00f5es, tratamos de tudo por si. Consulte os nossos servi\u00e7os e contacte-nos para mais informa\u00e7\u00f5es.<\/p>\r\n\t\t<\/div>\r\n\t\t[vc_btn title=&#8221;Reserve J\u00e1&#8221; size=&#8221;lg&#8221; align=&#8221;center&#8221; link=&#8221;url:https%3A%2F%2Flisbonsmartstay.com%2Fcontact-paula%2F|title:Contact%20us|target:_blank&#8221;][\/vc_column][\/vc_row][vc_row][vc_column][vc_row_inner equal_height=&#8221;yes&#8221;][vc_column_inner width=&#8221;1\/3&#8243;][vc_hoverbox image=&#8221;3499&#8243; primary_title=&#8221;TRANSFER&#8221; primary_title_font_container=&#8221;color:%23ffffff&#8221; primary_title_use_theme_fonts=&#8221;yes&#8221; hover_title=&#8221;TRANSFER&#8221; use_custom_fonts_primary_title=&#8221;true&#8221;]Transporte privado (aeroporto) dispon\u00edvel 24 horas por dia, 7 dias por semana.<br \/>\nDe acordo com as suas necessidades est\u00e3o dispon\u00edveis diversas op\u00e7\u00f5es de servi\u00e7o de transporte de curta, m\u00e9dia ou longa dist\u00e2ncia.<br \/>\nVe\u00edculos Premium, com condutores profissionais e experientes \u00e0 sua espera, prontos para o ajudar com a sua bagagem e para o levar em seguran\u00e7a at\u00e9 ao seu destino.<br \/>\nPre\u00e7o a partir de 30 Euros, dependendo do n\u00famero de pessoas.<br \/>\nCadeiras para crian\u00e7as dispon\u00edveis.[\/vc_hoverbox][\/vc_column_inner][vc_column_inner width=&#8221;1\/3&#8243;][vc_hoverbox image=&#8221;3500&#8243; primary_title=&#8221;TOURS&#8221; primary_title_font_container=&#8221;color:%23ffffff&#8221; primary_title_use_theme_fonts=&#8221;yes&#8221; hover_title=&#8221;TOURS&#8221; use_custom_fonts_primary_title=&#8221;true&#8221;]Organizamos excurs\u00f5es privadas, com diversas op\u00e7\u00f5es de visita, para descobrir as mais fant\u00e1sticas zonas de Lisboa e de Portugal. Desde passeios de carro, a p\u00e9, de barco, aventuras gastron\u00f3micas e de provas de vinho entre outras.[\/vc_hoverbox][\/vc_column_inner][vc_column_inner width=&#8221;1\/3&#8243;][vc_hoverbox image=&#8221;3494&#8243; primary_title=&#8221;BABYSITTING&#8221; primary_title_font_container=&#8221;color:%23ffffff&#8221; primary_title_use_theme_fonts=&#8221;yes&#8221; hover_title=&#8221;BABYSITTING&#8221; use_custom_fonts_primary_title=&#8221;true&#8221;]As crian\u00e7as s\u00e3o muito bem-vindas nos nossos apartamentos.<br \/>\nBer\u00e7os para beb\u00eas, cadeiras altas e carrinhos de beb\u00e9 est\u00e3o dispon\u00edveis, gratuitamente.<br \/>\nServi\u00e7o de babysitting dispon\u00edvel<br \/>\nPor favor, contacte-nos para mais informa\u00e7\u00f5es e pre\u00e7os.[\/vc_hoverbox][\/vc_column_inner][\/vc_row_inner][vc_row_inner equal_height=&#8221;yes&#8221;][vc_column_inner width=&#8221;1\/3&#8243;][vc_hoverbox image=&#8221;3495&#8243; primary_title=&#8221;LIMPEZA&#8221; primary_title_font_container=&#8221;color:%23ffffff&#8221; primary_title_use_theme_fonts=&#8221;yes&#8221; hover_title=&#8221;LIMPEZA&#8221; use_custom_fonts_primary_title=&#8221;true&#8221;]Se desejar limpeza di\u00e1ria ou extra do apartamento durante a sua estadia, basta pedir-nos. Dispomos de equipa pr\u00f3pria de limpeza muito profissional e de total confian\u00e7a. V\u00e1rias op\u00e7\u00f5es de limpeza com troca de roupas e de toalhas, para melhor satisfazer as suas necessidades.[\/vc_hoverbox][\/vc_column_inner][vc_column_inner width=&#8221;1\/3&#8243;][vc_hoverbox image=&#8221;3497&#8243; primary_title=&#8221;LAVANDARIA&#8221; primary_title_font_container=&#8221;color:%23ffffff&#8221; primary_title_use_theme_fonts=&#8221;yes&#8221; hover_title=&#8221;LAVANDARIA&#8221; use_custom_fonts_primary_title=&#8221;true&#8221;]Todos os apartamentos est\u00e3o equipados com len\u00e7\u00f3is e toalhas de acordo com o n\u00famero de h\u00f3spedes da reserva e a dura\u00e7\u00e3o da mesma. Adicionalmente podemos fornecer len\u00e7\u00f3is e toalhas adicionais e servi\u00e7o de lavandaria profissional para as suas roupas pessoais tamb\u00e9m. Contate-nos para saber os custos deste servi\u00e7o.[\/vc_hoverbox][\/vc_column_inner][vc_column_inner width=&#8221;1\/3&#8243;][vc_hoverbox image=&#8221;3496&#8243; primary_title=&#8221;ARMAZENAMENTO DA BAGAGEM&#8221; primary_title_font_container=&#8221;color:%23ffffff&#8221; primary_title_use_theme_fonts=&#8221;yes&#8221; hover_title=&#8221;ARMAZENAMENTO DA BAGAGEM&#8221; use_custom_fonts_primary_title=&#8221;true&#8221;]Desfrute da cidade antes do check-in ou depois do check-out sem se preocupar com as suas malas. Recolhemos a sua bagagem, armazenamos a mesma em seguran\u00e7a e entregamos no momento e local combinado. Pre\u00e7o a partir de 45 euros, dependendo do tamanho e n\u00famero das malas.[\/vc_hoverbox][\/vc_column_inner][\/vc_row_inner][vc_row_inner equal_height=&#8221;yes&#8221;][vc_column_inner width=&#8221;1\/3&#8243;][vc_hoverbox image=&#8221;3498&#8243; primary_title=&#8221;VIAGEM DE BARCO&#8221; primary_title_font_container=&#8221;color:%23ffffff&#8221; primary_title_use_theme_fonts=&#8221;yes&#8221; hover_title=&#8221;VIAGEM DE BARCO&#8221; use_custom_fonts_primary_title=&#8221;true&#8221;]Descubra a parte hist\u00f3rica da cidade de Lisboa de uma perspetiva diferente. Admire a cidade e dos seus principais monumentos desde o rio ou fa\u00e7a um passeio at\u00e9 \u00e0 praia. Podemos ajudar a planear o seu passeio de barco de sonho.[\/vc_hoverbox][\/vc_column_inner][vc_column_inner width=&#8221;1\/3&#8243;][vc_hoverbox image=&#8221;3501&#8243; primary_title=&#8221;PASSEIO DE TUK TUK&#8221; primary_title_font_container=&#8221;color:%23ffffff&#8221; primary_title_use_theme_fonts=&#8221;yes&#8221; hover_title=&#8221;PASSEIO DE TUK TUK&#8221; use_custom_fonts_primary_title=&#8221;true&#8221;]Visita privada, personalizada e ecol\u00f3gica que \u00e9 uma nova e espantosa forma de visitar e conhecer Lisboa e muito mais. Para conseguir uma verdadeira experi\u00eancia local, e n\u00e3o apenas um passeio, contacte-nos.[\/vc_hoverbox][\/vc_column_inner][vc_column_inner width=&#8221;1\/3&#8243;][vc_hoverbox image=&#8221;4878&#8243; primary_title=&#8221;SELE\u00c7\u00c3O DE VINHOS&#8221; primary_title_font_container=&#8221;color:%23ffffff&#8221; primary_title_use_theme_fonts=&#8221;yes&#8221; hover_title=&#8221;SELE\u00c7\u00c3O DE VINHOS&#8221; use_custom_fonts_primary_title=&#8221;true&#8221;]Prepar\u00e1mos para si uma sele\u00e7\u00e3o de alguns dos melhores vinhos portugueses de diferentes \u00e1reas vitivin\u00edcolas, que representam alguns dos melhores vinhos portugueses.<br \/>\nTinto, branco ou verde. Basta escolher e n\u00f3s entregamos a encomenda no seu apartamento. Contacte-nos para mais detalhes e para fazer a sua encomenda.[\/vc_hoverbox][\/vc_column_inner][\/vc_row_inner][vc_empty_space height=&#8221;50px&#8221;][\/vc_column][\/vc_row]<\/p>","protected":false},"excerpt":{"rendered":"<p>[vc_row full_width=&#8221;stretch_row&#8221; css=&#8221;.vc_custom_1647085900229{background-image: url(https:\/\/lisbonsmartstay.com\/wp-content\/uploads\/2022\/03\/servicos.jpg?id=3554) !important;background-position: center !important;background-repeat: no-repeat !important;background-size: cover !important;}&#8221;][vc_column css=&#8221;.vc_custom_1648483148072{margin-bottom: 20px !important;}&#8221;][vc_btn title=&#8221;Reserve J\u00e1&#8221; size=&#8221;lg&#8221; align=&#8221;center&#8221; link=&#8221;url:https%3A%2F%2Flisbonsmartstay.com%2Fcontact-paula%2F|title:Contact%20us|target:_blank&#8221;][\/vc_column][\/vc_row][vc_row][vc_column][vc_row_inner equal_height=&#8221;yes&#8221;][vc_column_inner width=&#8221;1\/3&#8243;][vc_hoverbox image=&#8221;3499&#8243; primary_title=&#8221;TRANSFER&#8221; primary_title_font_container=&#8221;color:%23ffffff&#8221; primary_title_use_theme_fonts=&#8221;yes&#8221; hover_title=&#8221;TRANSFER&#8221; use_custom_fonts_primary_title=&#8221;true&#8221;]Transporte privado (aeroporto) dispon\u00edvel 24 horas por dia, 7 dias por semana. De acordo com as suas necessidades est\u00e3o dispon\u00edveis diversas op\u00e7\u00f5es de servi\u00e7o de transporte de curta, m\u00e9dia [&hellip;]<\/p>\n","protected":false},"author":1,"featured_media":0,"parent":0,"menu_order":0,"comment_status":"closed","ping_status":"closed","template":"template\/template-homepage.php","meta":{"inline_featured_image":false,"_joinchat":[],"footnotes":""},"_links":{"self":[{"href":"https:\/\/lisbonsmartstay.com\/pt\/wp-json\/wp\/v2\/pages\/3491"}],"collection":[{"href":"https:\/\/lisbonsmartstay.com\/pt\/wp-json\/wp\/v2\/pages"}],"about":[{"href":"https:\/\/lisbonsmartstay.com\/pt\/wp-json\/wp\/v2\/types\/page"}],"author":[{"embeddable":true,"href":"https:\/\/lisbonsmartstay.com\/pt\/wp-json\/wp\/v2\/users\/1"}],"replies":[{"embeddable":true,"href":"https:\/\/lisbonsmartstay.com\/pt\/wp-json\/wp\/v2\/comments?post=3491"}],"version-history":[{"count":41,"href":"https:\/\/lisbonsmartstay.com\/pt\/wp-json\/wp\/v2\/pages\/3491\/revisions"}],"predecessor-version":[{"id":4953,"href":"https:\/\/lisbonsmartstay.com\/pt\/wp-json\/wp\/v2\/pages\/3491\/revisions\/4953"}],"wp:attachment":[{"href":"https:\/\/lisbonsmartstay.com\/pt\/wp-json\/wp\/v2\/media?parent=3491"}],"curies":[{"name":"wp","href":"https:\/\/api.w.org\/{rel}","templated":true}]}}